{"id":50,"date":"2022-07-26T11:50:34","date_gmt":"2022-07-26T11:50:34","guid":{"rendered":"https:\/\/websitebuilder-demo.net\/catering-food\/?page_id=50"},"modified":"2024-02-06T15:15:39","modified_gmt":"2024-02-06T14:15:39","slug":"contratacion","status":"publish","type":"page","link":"https:\/\/64restaurante.com\/catering-service\/contratacion\/","title":{"rendered":"Contratacion"},"content":{"rendered":"<div class=\"brz-root__container brz-reset-all\">\n<section id=\"qhwstlkdmihhwavjgpedlvpzsxsxfhvbwqhw\" class=\"brz-section brz-css-kUhrp brz-css-frAt2\">\n<div class=\"brz-section__content brz-section--boxed brz-css-hcdvs brz-css-lMq6R\" data-brz-custom-id=\"pwjmuxmgbylgardsjrcfcixywuqpjbkbrxtw\">\n<div class=\"brz-bg\">\n<div class=\"brz-bg-color\"><\/div>\n<\/div>\n<div class=\"brz-container brz-css-wIm4B\">\n<div class=\"brz-row__container brz-css-h_s00\" data-brz-custom-id=\"ankravhfejozvjepxyjzcrphdgcodiayajos\">\n<div class=\"brz-bg\"><\/div>\n<div class=\"brz-row brz-css-k8Gg1 brz-css-wznz7\">\n<div class=\"brz-columns brz-css-tRxrN brz-css-ueOUX\" data-brz-custom-id=\"wrzkzorktnlxmtsymfgfmhbgctwkwrrhzygi\">\n<div class=\"brz-bg\"><\/div>\n<div class=\"brz-column__items brz-css-tegbV brz-css-dijXG\">\n<div id class=\"brz-css-qg_q8 brz-css-c5PGQ brz-wrapper\">\n<div class=\"brz-image brz-css-lglCu\" data-brz-custom-id=\"kdcptkabomfkyicxmxbklmbvoqfqttiemyme\"><a class=\"brz-a\" href=\"\" target=\"_self\" rel=\"noopener\" data-brz-link-type=\"external\"><img decoding=\"async\" class=\"brz-img\" src=\"https:\/\/64restaurante.com\/catering-service\/wp-content\/uploads\/brizy\/imgs\/64-catering-logo-horizontal-color-211x61x0x0x211x61x1707136746.png\" alt=\"\" loading=\"lazy\"><\/a><\/div>\n<\/div>\n<\/div>\n<\/div>\n<div class=\"brz-columns brz-css-tRxrN brz-css-cFYD6\" data-brz-custom-id=\"ujnfhivclfyuuozhmszguqesmbjelgvozlhl\">\n<div class=\"brz-bg\"><\/div>\n<div class=\"brz-column__items brz-css-tegbV brz-css-gSNcu\">\n<div id class=\"brz-css-qg_q8 brz-css-sBE3k brz-wrapper\">\n<div class=\"brz-menu__container brz-css-nGMRq brz-css-w9efa\" data-mmenu-id=\"#imnmpaxouvlugxrlsmefptifxmpjwtzxaabq\" data-mmenu-position=\"position-left\" data-mmenu-title=\"Menu\" data-mmenu-stickytitle=\"on\" data-mmenu-isslider=\"false\" data-mmenu-closingicon=\"%7B%22desktop%22%3A%22off%22%2C%22tablet%22%3A%22off%22%2C%22mobile%22%3A%22off%22%7D\" data-brz-custom-id=\"imnmpaxouvlugxrlsmefptifxmpjwtzxaabq\">\n<nav class=\"brz-menu brz-menu__preview brz-css-kRh2E brz-css-mle7L\">\n<ul class=\"brz-menu__ul\" data-menu-items-active=\"\">\n<li class=\"brz-menu__item\" data-menu-item-id=\"a6a16826e3ff51127ca284b60dbdf539\"><a class=\"brz-a menu-item menu-item-type-post_type menu-item-object-page\" href=\"https:\/\/64restaurante.com\/catering-service\/eventos\/\" target=\"_self\" rel=\"noopener\" data-brz-link-type=\"external\"><span class=\"brz-span\">Eventos<\/span><\/a><\/li>\n<li class=\"brz-menu__item brz-menu__item--current\" data-menu-item-id=\"818fc19575e2d9d24c83b1f31c105380\"><a class=\"brz-a menu-item menu-item-type-post_type menu-item-object-page current-menu-item page_item page-item-50 current_page_item\" href=\"https:\/\/64restaurante.com\/catering-service\/contratacion\/\" target=\"_self\" rel=\"noopener\" data-brz-link-type=\"external\"><span class=\"brz-span\">Contratacion<\/span><\/a><\/li>\n<li class=\"brz-menu__item\" data-menu-item-id=\"c2877c922d64a4e2997f5ff93adf62d3\"><a class=\"brz-a menu-item menu-item-type-post_type menu-item-object-page\" href=\"https:\/\/64restaurante.com\/catering-service\/galeria\/\" target=\"_self\" rel=\"noopener\" data-brz-link-type=\"external\"><span class=\"brz-span\">Galeria<\/span><\/a><\/li>\n<\/ul>\n<\/nav>\n<div class=\"brz-mm-menu__icon\"><\/div>\n<nav id=\"imnmpaxouvlugxrlsmefptifxmpjwtzxaabq\" class=\"brz-menu brz-menu__mmenu brz-menu__preview brz-css-kRh2E brz-css-mle7L\">\n<ul class=\"brz-menu__ul\" data-menu-items-active=\"\">\n<li class=\"brz-mm-menu__item brz-mm-menu__item-empty\" data-menu-item-id=\"a6a16826e3ff51127ca284b60dbdf539\"><a class=\"brz-a menu-item menu-item-type-post_type menu-item-object-page\" href=\"https:\/\/64restaurante.com\/catering-service\/eventos\/\" target=\"_self\" rel=\"noopener\" data-brz-link-type=\"external\"><span class=\"brz-span\">Eventos<\/span><\/a>\n<div><\/div>\n<\/li>\n<li class=\"brz-mm-menu__item brz-mm-menu__item-empty brz-mm-menu__item--current\" data-menu-item-id=\"818fc19575e2d9d24c83b1f31c105380\"><a class=\"brz-a menu-item menu-item-type-post_type menu-item-object-page current-menu-item page_item page-item-50 current_page_item\" href=\"https:\/\/64restaurante.com\/catering-service\/contratacion\/\" target=\"_self\" rel=\"noopener\" data-brz-link-type=\"external\"><span class=\"brz-span\">Contratacion<\/span><\/a>\n<div><\/div>\n<\/li>\n<li class=\"brz-mm-menu__item brz-mm-menu__item-empty\" data-menu-item-id=\"c2877c922d64a4e2997f5ff93adf62d3\"><a class=\"brz-a menu-item menu-item-type-post_type menu-item-object-page\" href=\"https:\/\/64restaurante.com\/catering-service\/galeria\/\" target=\"_self\" rel=\"noopener\" data-brz-link-type=\"external\"><span class=\"brz-span\">Galeria<\/span><\/a>\n<div><\/div>\n<\/li>\n<\/ul>\n<\/nav>\n<\/div>\n<\/div>\n<\/div>\n<\/div>\n<div class=\"brz-columns brz-css-tRxrN brz-css-rdzqY\" data-brz-custom-id=\"erecqwivqhbjcthjosnectjknhpebwvztpiu\">\n<div class=\"brz-bg\"><\/div>\n<div class=\"brz-column__items brz-css-tegbV brz-css-m4gDI\">\n<div class=\"brz-wrapper-clone brz-css-bhWfR brz-css-qCVr2\">\n<div class=\"brz-d-xs-flex brz-flex-xs-wrap brz-css-vQbM9 brz-css-xLKa1\" data-brz-custom-id>\n<div class=\"brz-wrapper-clone__item\" id=\"pweddasqntrdsqbflcesdtutczjwchiwtswh\"><a class=\"brz-a brz-btn brz-css-ePd3O brz-css-kr4pY\" href=\"https:\/\/64restaurante.com\/catering-service#contacto\" target=\"_self\" rel=\"noopener\" data-brz-link-type=\"external\" data-brz-custom-id=\"pweddasqntrdsqbflcesdtutczjwchiwtswh\"><span data-brz-translate-text=\"1\" class=\"brz-span brz-text__editor\">CONTACTO<\/span><\/a><\/div>\n<\/div>\n<\/div>\n<\/div>\n<\/div>\n<\/div>\n<\/div>\n<\/div>\n<\/div>\n<\/section>\n<section id=\"tgwbtczisjgqgjuvekqglizpxsugtouonxkd\" class=\"brz-section brz-css-kUhrp brz-css-tIJ2X\">\n<div class=\"brz-section__content brz-section--boxed brz-css-hcdvs brz-css-uiWKG\" data-brz-custom-id=\"awmugoebnoabegpanmiyvdkcdnajhbuvdyzd\">\n<div class=\"brz-bg\">\n<div class=\"brz-bg-image\"><\/div>\n<div class=\"brz-bg-color\"><\/div>\n<\/div>\n<div class=\"brz-container brz-css-wIm4B brz-css-tXiDF\">\n<div id class=\"brz-css-qg_q8 brz-css-pbd_6 brz-wrapper\">\n<div class=\"brz-rich-text brz-rich-text__custom brz-css-i6S8h\" data-brz-custom-id=\"mdstewobtjhmlwhdbbrmzkpasemblguyetmi\">\n<div data-brz-translate-text=\"1\">\n<p class=\"brz-text-lg-center brz-tp-lg-heading2 brz-css-tpDXg\" data-uniq-id=\"q8Hb3\" data-generated-css=\"brz-css-gHPd1\"><span class=\"brz-cp-color8\">Contrataci\u00f3n<\/span><\/p>\n<\/div>\n<\/div>\n<\/div>\n<div id class=\"brz-css-qg_q8 brz-css-fGz_w brz-wrapper\">\n<div class=\"brz-spacer brz-css-qLHJu brz-css-n1bTr\"><\/div>\n<\/div>\n<div class=\"brz-wrapper-clone brz-css-bhWfR brz-css-kHPu4\">\n<div class=\"brz-d-xs-flex brz-flex-xs-wrap brz-css-vQbM9\" data-brz-custom-id>\n<div class=\"brz-wrapper-clone__item\" id=\"ttornlsmklmmqxornfbosshjrulztpxlzrhg\">\n<div class=\"brz-icon__container\" data-brz-custom-id=\"ttornlsmklmmqxornfbosshjrulztpxlzrhg\"><a class=\"brz-a brz-anchor\" href=\"#mapa\" target=\"_self\" rel=\"noopener\" data-brz-link-type=\"anchor\"><span class=\"brz-icon brz-span brz-css-i_9gS brz-css-punlW\"><\/span><\/a><\/div>\n<\/div>\n<\/div>\n<\/div>\n<\/div>\n<\/div>\n<\/section>\n<section id=\"zc_UxA1Bs_EP\" class=\"brz-section brz-css-kUhrp\">\n<div class=\"brz-section__content brz-section--boxed brz-css-hcdvs brz-css-cGVUu\" data-brz-custom-id=\"yqYMPNpeHHvg\">\n<div class=\"brz-bg\">\n<div class=\"brz-bg-color\"><\/div>\n<\/div>\n<div class=\"brz-container brz-css-wIm4B\">\n<div class=\"brz-row__container brz-css-h_s00\" data-brz-custom-id=\"voeL9S9GwGLU\">\n<div class=\"brz-bg\"><\/div>\n<div class=\"brz-row brz-css-k8Gg1 brz-css-wznz7\">\n<div class=\"brz-columns brz-css-tRxrN brz-css-tnLuO\" data-brz-custom-id=\"fIrYpMjHKc5c\">\n<div class=\"brz-bg\"><\/div>\n<div class=\"brz-column__items brz-css-tegbV brz-css-h6J31\">\n<div id class=\"brz-css-qg_q8 brz-css-pklGK brz-wrapper\">\n<div class=\"brz-rich-text brz-rich-text__custom brz-css-i6S8h\" data-brz-custom-id=\"iYj9m2FKWswh\">\n<div data-brz-translate-text=\"1\">\n<p data-generated-css=\"brz-css-yXKEI\" data-uniq-id=\"cM3Uc\" class=\"brz-tp-lg-empty brz-ff-playfair_display brz-ft-google brz-fs-lg-70 brz-fss-lg-px brz-fw-lg-700 brz-ls-lg-0 brz-lh-lg-1_2 brz-fss-xs-px brz-fw-xs-700 brz-ls-xs-0 brz-lh-xs-1_2 brz-tp-xs-empty brz-fs-xs-50 brz-css-oAjwv\">Pide<\/p>\n<p data-generated-css=\"brz-css-i4nv8\" data-uniq-id=\"rDeEw\" class=\"brz-tp-lg-empty brz-ff-playfair_display brz-ft-google brz-fs-lg-70 brz-fss-lg-px brz-fw-lg-700 brz-ls-lg-0 brz-lh-lg-1_2 brz-tp-xs-empty brz-fs-xs-50 brz-fss-xs-px brz-fw-xs-700 brz-ls-xs-0 brz-lh-xs-1_2 brz-css-ecZwr\">presupuesto<\/p>\n<\/div>\n<\/div>\n<\/div>\n<div id class=\"brz-css-qg_q8 brz-css-fGz_w brz-wrapper\">\n<div class=\"brz-spacer brz-css-qLHJu brz-css-lbeXE\"><\/div>\n<\/div>\n<div id class=\"brz-css-qg_q8 brz-css-ijBRd brz-wrapper\">\n<div class=\"brz-rich-text brz-rich-text__custom brz-css-i6S8h\" data-brz-custom-id=\"kTBwtxWSvQFf\">\n<div data-brz-translate-text=\"1\">\n<p class=\"brz-tp-lg-paragraph brz-css-kIt2h\" data-uniq-id=\"aWNoW\" data-generated-css=\"brz-css-yJnV4\"><span class=\"brz-cp-color7\">Rellena el siguiente formulario si est\u00e1s interesado en obtener un presupuesto para tu evento, responderemos en un plazo de 3 d\u00edas laborales.<\/span><\/p>\n<\/div>\n<\/div>\n<\/div>\n<div id class=\"brz-css-qg_q8 brz-css-fGz_w brz-wrapper\">\n<div class=\"brz-spacer brz-css-qLHJu brz-css-jsUFm\"><\/div>\n<\/div>\n<div id class=\"brz-css-qg_q8 brz-css-uV0RK brz-wrapper\">\n<div class=\"brz-rich-text brz-rich-text__custom brz-css-i6S8h\" data-brz-custom-id=\"zLqo7NfIpFZ1\">\n<div data-brz-translate-text=\"1\">\n<p class=\"brz-tp-lg-abovetitle brz-css-nmvf8\" data-generated-css=\"brz-css-bE_hf\" data-uniq-id=\"uj22D\"><span class=\"brz-cp-color7\">C\/ de Guillem de Castro, 64, Ciutat Vella, 46001 Val\u00e8ncia, Valencia<\/span><\/p>\n<\/div>\n<\/div>\n<\/div>\n<div id class=\"brz-css-qg_q8 brz-css-fGz_w brz-wrapper\">\n<div class=\"brz-spacer brz-css-qLHJu brz-css-toFQq\"><\/div>\n<\/div>\n<div id class=\"brz-css-qg_q8 brz-css-fGz_w brz-wrapper\">\n<div class=\"brz-spacer brz-css-qLHJu brz-css-cG5hW\"><\/div>\n<\/div>\n<div id class=\"brz-css-qg_q8 brz-css-lnMXT brz-wrapper\">\n<div class=\"brz-rich-text brz-rich-text__custom brz-css-i6S8h\" data-brz-custom-id=\"wIcGShrhPvIV\">\n<div data-brz-translate-text=\"1\">\n<p class=\"brz-tp-lg-abovetitle brz-css-nxLbh\" data-generated-css=\"brz-css-jX8lI\" data-uniq-id=\"upzvx\"><span class=\"brz-cp-color2\">info<\/span><span class=\"brz-cp-color2 brz-pre-population-visible\">@<\/span><span class=\"brz-cp-color2\">64restaurante.com<\/span><\/p>\n<\/div>\n<\/div>\n<\/div>\n<div id class=\"brz-css-qg_q8 brz-css-fGz_w brz-wrapper\">\n<div class=\"brz-spacer brz-css-qLHJu brz-css-tCBEC\"><\/div>\n<\/div>\n<div id class=\"brz-css-qg_q8 brz-css-iDbFF brz-wrapper\">\n<div class=\"brz-rich-text brz-rich-text__custom brz-css-i6S8h\" data-brz-custom-id=\"hiRMu8EW3ZVe\">\n<div data-brz-translate-text=\"1\">\n<p class=\"brz-tp-lg-abovetitle brz-css-mih7o\" data-generated-css=\"brz-css-d3ryi\" data-uniq-id=\"maz1i\"><span class=\"brz-cp-color2\">963 27 01 01<\/span><\/p>\n<\/div>\n<\/div>\n<\/div>\n<div id class=\"brz-css-qg_q8 brz-css-fGz_w brz-wrapper\">\n<div class=\"brz-spacer brz-css-qLHJu brz-css-d0ikJ\"><\/div>\n<\/div>\n<div class=\"brz-wrapper-clone brz-css-bhWfR brz-css-n_8VI\">\n<div class=\"brz-d-xs-flex brz-flex-xs-wrap brz-css-vQbM9 brz-css-vw9ra\" data-brz-custom-id>\n<div class=\"brz-wrapper-clone__item\" id=\"jZc5QKrL0mN3\">\n<div class=\"brz-icon__container\" data-brz-custom-id=\"jZc5QKrL0mN3\"><span class=\"brz-icon brz-span brz-css-i_9gS brz-css-dbAt_\"><\/span><\/div>\n<\/div>\n<div class=\"brz-wrapper-clone__item\" id=\"drum0ytXYwEt\">\n<div class=\"brz-icon__container\" data-brz-custom-id=\"drum0ytXYwEt\"><span class=\"brz-icon brz-span brz-css-i_9gS brz-css-b1022\"><\/span><\/div>\n<\/div>\n<div class=\"brz-wrapper-clone__item\" id=\"a1iRGdf_GTRM\">\n<div class=\"brz-icon__container\" data-brz-custom-id=\"a1iRGdf_GTRM\"><span class=\"brz-icon brz-span brz-css-i_9gS brz-css-iJnBz\"><\/span><\/div>\n<\/div>\n<div class=\"brz-wrapper-clone__item\" id=\"nP6Cytiberwt\">\n<div class=\"brz-icon__container\" data-brz-custom-id=\"nP6Cytiberwt\"><span class=\"brz-icon brz-span brz-css-i_9gS brz-css-u8bii\"><\/span><\/div>\n<\/div>\n<\/div>\n<\/div>\n<\/div>\n<\/div>\n<div class=\"brz-columns brz-css-tRxrN brz-css-fDEbL\" data-brz-custom-id=\"cSaP85Frgav5\">\n<div class=\"brz-bg\"><\/div>\n<div class=\"brz-column__items brz-css-tegbV brz-css-dDH6L\">\n<div id class=\"brz-css-qg_q8 brz-css-huEsI brz-wrapper\">\n<div data-brz-form-version=\"2\" class=\"brz-forms2 brz-css-poM8j brz-css-oLgna\" data-brz-custom-id=\"e0Gy74df1s_g\">\n<div data-brz-translate-text=\"1\" class=\"brz-forms2__item brz-css-s_rTb brz-css-sPxRy brz-css-kuzD2 brz-css-jVMnu\"><\/div>\n<div data-brz-translate-text=\"1\" class=\"brz-forms2__item brz-css-s_rTb brz-css-sPxRy brz-css-kuzD2 brz-css-wnL3M\"><\/div>\n<div data-brz-translate-text=\"1\" class=\"brz-forms2__item brz-css-s_rTb brz-css-sPxRy brz-css-kuzD2 brz-css-k0Qbk\"><\/div>\n<div data-brz-translate-text=\"1\" class=\"brz-forms2__item brz-css-s_rTb brz-css-sPxRy brz-css-kuzD2 brz-css-gZH3E\"><\/div>\n<div data-brz-translate-text=\"1\" class=\"brz-forms2__item brz-css-s_rTb brz-css-sPxRy brz-css-kuzD2\">\n<div class=\"brz-forms2__field brz-forms2__field-select brz-css-dmX0t brz-css-dxUc6\">EventoBodaEventoCelebraci\u00f3n privadaOtro<\/div>\n<\/div>\n<div data-brz-translate-text=\"1\" class=\"brz-forms2__item brz-css-s_rTb brz-css-sPxRy brz-css-kuzD2\"><\/div>\n<div data-brz-translate-text=\"1\" class=\"brz-forms2__item brz-css-s_rTb brz-css-sPxRy brz-css-kuzD2 brz-css-mmiu2\"><textarea id=\"zCmihSCotWEi\" name=\"uR0Gnee2hNo0\" data-brz-type=\"Paragraph\" data-brz-label=\"Descripci\u00f3n\" data-brz-placeholder=\"Descripci\u00f3n\" class=\"brz-textarea brz-forms2__field brz-forms2__field-paragraph\"><\/textarea><\/div>\n<div class=\"brz-forms2 brz-forms2__item brz-forms2__item-button\" data-brz-custom-id=\"e0Gy74df1s_g\"><button class=\"brz-btn brz-btn-submit brz-css-ePd3O brz-css-pUztN\" data-brz-custom-id=\"uBjvqXwB0Nfv\"><span data-brz-translate-text=\"1\" class=\"brz-span brz-text__editor\">ENVIAR<\/span><\/button>!function(){function t(t){this.element=t,this.animationId,this.start=null,this.init()}if(!window.requestAnimationFrame){var i=null;window.requestAnimationFrame=function(t,n){var e=(new Date).getTime();i||(i=e);var a=Math.max(0,16-(e-i)),o=window.setTimeout(function(){t(e+a)},a);return i=e+a,o}}t.prototype.init=function(){var t=this;this.animationId=window.requestAnimationFrame(t.triggerAnimation.bind(t))},t.prototype.reset=function(){var t=this;window.cancelAnimationFrame(t.animationId)},t.prototype.triggerAnimation=function(t){var i=this;this.start||(this.start=t);var n=t-this.start;504&gt;n||(this.start=this.start+504),this.element.setAttribute(&quot;transform&quot;,&quot;rotate(&quot;+Math.min(n\/1.4,360)+&quot; 12 12)&quot;);if(document.documentElement.contains(this.element))window.requestAnimationFrame(i.triggerAnimation.bind(i))};var n=document.getElementsByClassName(&quot;nc-loop_circle-02-24&quot;),e=[];if(n)for(var a=0;n.length&gt;a;a++)!function(i){e.push(new t(n[i]))}(a);document.addEventListener(&quot;visibilitychange&quot;,function(){&quot;hidden&quot;==document.visibilityState?e.forEach(function(t){t.reset()}):e.forEach(function(t){t.init()})})}();<\/div>\n<\/div>\n<\/div>\n<\/div>\n<\/div>\n<\/div>\n<\/div>\n<\/div>\n<\/div>\n<\/section>\n<section id=\"mapa\" class=\"brz-section brz-css-kUhrp\">\n<div class=\"brz-section__content brz-section--fullWidth brz-css-hcdvs brz-css-o8H9L\" data-brz-custom-id=\"nzFOWKcR6e5F\">\n<div class=\"brz-container brz-css-wIm4B brz-css-k8cWL\">\n<div id class=\"brz-css-qg_q8 brz-css-kA1oN brz-wrapper\">\n<div class=\"brz-map brz-map_styles brz-css-i1CQB brz-css-xlcOh\" data-brz-custom-id=\"l2AV4Op8S5Yt\">\n<div class=\"brz-map-content\"><\/div>\n<\/div>\n<\/div>\n<\/div>\n<\/div>\n<\/section>\n<section id=\"wyzrvbkmzohvpjuwoacbzvqlhidzbxbheqxm\" class=\"brz-section brz-css-kUhrp\">\n<div class=\"brz-section__content brz-section--boxed brz-css-hcdvs brz-css-kYHyr\" data-brz-custom-id=\"xqdincouwvsomjogndoerxjkyrqizognwgsq\">\n<div class=\"brz-bg\">\n<div class=\"brz-bg-color\"><\/div>\n<\/div>\n<div class=\"brz-container brz-css-wIm4B\">\n<div id class=\"brz-css-qg_q8 brz-css-f0Qr0 brz-wrapper\">\n<div class=\"brz-rich-text brz-rich-text__custom brz-css-i6S8h\" data-brz-custom-id=\"whkooyqcwwfgiynyylevrggjyzhdohoqsyut\">\n<div data-brz-translate-text=\"1\">\n<p class=\"brz-text-lg-center brz-tp-lg-heading5 brz-css-rgndZ\" data-generated-css=\"brz-css-xccga\" data-uniq-id=\"hNUYi\"><span class=\"brz-cp-color7\">Culinary excellence, served with love by CocoGlobalMedia.<\/span><\/p>\n<\/div>\n<\/div>\n<\/div>\n<\/div>\n<\/div>\n<\/section>\n<\/div>\n<p>    <!-- version:1707228939 --><\/p>\n","protected":false},"excerpt":{"rendered":"<p>Eventos Contratacion Galeria Eventos Contratacion Galeria CONTACTO Contrataci\u00f3n Pide presupuesto Rellena el siguiente formulario si est\u00e1s interesado en obtener un presupuesto para tu evento, responderemos en un plazo de 3 d\u00edas laborales. C\/ de Guillem de Castro, 64, Ciutat Vella, 46001 Val\u00e8ncia, Valencia info@64restaurante.com 963 27 01 01 EventoBodaEventoCelebraci\u00f3n privadaOtro ENVIAR!function(){function t(t){this.element=t,this.animationId,this.start=null,this.init()}if(!window.requestAnimationFrame){var i=null;window.requestAnimationFrame=function(t,n){var e=(new Date).getTime();i||(i=e);var [&hellip;]<\/p>\n","protected":false},"author":1,"featured_media":0,"parent":0,"menu_order":0,"comment_status":"closed","ping_status":"closed","template":"brizy-blank-template.php","meta":{"footnotes":""},"class_list":["post-50","page","type-page","status-publish","hentry"],"blocksy_meta":[],"_links":{"self":[{"href":"https:\/\/64restaurante.com\/catering-service\/wp-json\/wp\/v2\/pages\/50","targetHints":{"allow":["GET"]}}],"collection":[{"href":"https:\/\/64restaurante.com\/catering-service\/wp-json\/wp\/v2\/pages"}],"about":[{"href":"https:\/\/64restaurante.com\/catering-service\/wp-json\/wp\/v2\/types\/page"}],"author":[{"embeddable":true,"href":"https:\/\/64restaurante.com\/catering-service\/wp-json\/wp\/v2\/users\/1"}],"replies":[{"embeddable":true,"href":"https:\/\/64restaurante.com\/catering-service\/wp-json\/wp\/v2\/comments?post=50"}],"version-history":[{"count":15,"href":"https:\/\/64restaurante.com\/catering-service\/wp-json\/wp\/v2\/pages\/50\/revisions"}],"predecessor-version":[{"id":656,"href":"https:\/\/64restaurante.com\/catering-service\/wp-json\/wp\/v2\/pages\/50\/revisions\/656"}],"wp:attachment":[{"href":"https:\/\/64restaurante.com\/catering-service\/wp-json\/wp\/v2\/media?parent=50"}],"curies":[{"name":"wp","href":"https:\/\/api.w.org\/{rel}","templated":true}]}}